{"id":650,"date":"2023-05-30T15:19:07","date_gmt":"2023-05-30T13:19:07","guid":{"rendered":"https:\/\/clarmony.com\/?page_id=650"},"modified":"2023-09-03T23:58:02","modified_gmt":"2023-09-03T21:58:02","slug":"clarity-session","status":"publish","type":"page","link":"https:\/\/clarmony.com\/fr\/clarity-session\/","title":{"rendered":"S\u00e9ance de clarification"},"content":{"rendered":"<p>Votre s\u00e9ance GRATUITE de clarification strat\u00e9gique<\/p>\n<p>Choisissez votre cr\u00e9neau de coaching gratuit<br \/>\nVoici les cr\u00e9neaux encore disponibles pour profiter de votre session de coaching personnalis\u00e9 et construire les fondations de votre nouveau d\u00e9part en ligne.<\/p>\n<p>Attention, les cr\u00e9neaux s'envolent rapidement !<\/p>\n<p>Le rendez-vous est 100% gratuit et se d\u00e9roulera en vid\u00e9o avec le logiciel Zoom (installation gratuite sur PC ou Mac).<\/p>\n<p>J'ai h\u00e2te de vous parler.<br \/>\nJe vous prie d'agr\u00e9er, Monsieur le Pr\u00e9sident, l'expression de mes sentiments distingu\u00e9s,<br \/>\nAna<\/p>\n<p><!-- Calendly inline widget begin --><\/p>\n<div class=\"calendly-inline-widget\" data-url=\"https:\/\/calendly.com\/clarmony\/45-minutes-meeting\" style=\"min-width:320px;height:700px;\"><\/div>\n<p><script type=\"text\/javascript\" src=\"https:\/\/assets.calendly.com\/assets\/external\/widget.js\" async><\/script><br \/>\n<!-- Calendly inline widget end --><\/p>","protected":false},"excerpt":{"rendered":"<p>Votre s\u00e9ance de clart\u00e9 strat\u00e9gique GRATUITE Choisissez votre cr\u00e9neau de coaching gratuit Voici les cr\u00e9neaux encore disponibles pour profiter de votre s\u00e9ance de coaching personnalis\u00e9e et construire les fondations de votre nouveau d\u00e9part en ligne. Attention, les cr\u00e9neaux partent vite ! Le rendez-vous est 100% gratuit et se d\u00e9roulera en vid\u00e9o avec le logiciel Zoom (installation gratuite sur [...]<\/p>","protected":false},"author":2,"featured_media":0,"parent":0,"menu_order":0,"comment_status":"closed","ping_status":"closed","template":"template-circle.php","meta":{"_acf_changed":false,"footnotes":""},"folder":[],"class_list":["post-650","page","type-page","status-publish","hentry"],"acf":[],"yoast_head":"<!-- This site is optimized with the Yoast SEO plugin v26.5 - https:\/\/yoast.com\/wordpress\/plugins\/seo\/ -->\n<title>Clarity session - Clarmony<\/title>\n<meta name=\"robots\" content=\"index, follow, max-snippet:-1, max-image-preview:large, max-video-preview:-1\" \/>\n<link rel=\"canonical\" href=\"http:\/\/clarmony.com\/fr\/clarity-session\/\" \/>\n<meta property=\"og:locale\" content=\"fr_FR\" \/>\n<meta property=\"og:type\" content=\"article\" \/>\n<meta property=\"og:title\" content=\"Clarity session - Clarmony\" \/>\n<meta property=\"og:description\" content=\"Your FREE Strategic Clarity Session Choose Your Free Coaching Slot Here are the slots still available to take advantage of your Personalized Coaching Session and build the foundations of your New Online Start. Beware, slots are going fast! The appointment is 100% free and will take place in video with Zoom software (free installation on [&hellip;]\" \/>\n<meta property=\"og:url\" content=\"http:\/\/clarmony.com\/fr\/clarity-session\/\" \/>\n<meta property=\"og:site_name\" content=\"Clarmony\" \/>\n<meta property=\"article:modified_time\" content=\"2023-09-03T21:58:02+00:00\" \/>\n<meta name=\"twitter:card\" content=\"summary_large_image\" \/>\n<meta name=\"twitter:label1\" content=\"Dur\u00e9e de lecture est.\" \/>\n\t<meta name=\"twitter:data1\" content=\"1 minute\" \/>\n<script type=\"application\/ld+json\" class=\"yoast-schema-graph\">{\"@context\":\"https:\/\/schema.org\",\"@graph\":[{\"@type\":\"WebPage\",\"@id\":\"http:\/\/clarmony.com\/en\/clarity-session\/\",\"url\":\"http:\/\/clarmony.com\/en\/clarity-session\/\",\"name\":\"Clarity session - Clarmony\",\"isPartOf\":{\"@id\":\"http:\/\/clarmony.com\/en\/#website\"},\"datePublished\":\"2023-05-30T13:19:07+00:00\",\"dateModified\":\"2023-09-03T21:58:02+00:00\",\"breadcrumb\":{\"@id\":\"http:\/\/clarmony.com\/en\/clarity-session\/#breadcrumb\"},\"inLanguage\":\"fr-BE\",\"potentialAction\":[{\"@type\":\"ReadAction\",\"target\":[\"http:\/\/clarmony.com\/en\/clarity-session\/\"]}]},{\"@type\":\"BreadcrumbList\",\"@id\":\"http:\/\/clarmony.com\/en\/clarity-session\/#breadcrumb\",\"itemListElement\":[{\"@type\":\"ListItem\",\"position\":1,\"name\":\"Accueil\",\"item\":\"https:\/\/clarmony.com\/en\/\"},{\"@type\":\"ListItem\",\"position\":2,\"name\":\"Clarity session\"}]},{\"@type\":\"WebSite\",\"@id\":\"http:\/\/clarmony.com\/en\/#website\",\"url\":\"http:\/\/clarmony.com\/en\/\",\"name\":\"Clarmony\",\"description\":\"Clarity &amp; Harmony\",\"publisher\":{\"@id\":\"http:\/\/clarmony.com\/en\/#organization\"},\"potentialAction\":[{\"@type\":\"SearchAction\",\"target\":{\"@type\":\"EntryPoint\",\"urlTemplate\":\"http:\/\/clarmony.com\/en\/?s={search_term_string}\"},\"query-input\":{\"@type\":\"PropertyValueSpecification\",\"valueRequired\":true,\"valueName\":\"search_term_string\"}}],\"inLanguage\":\"fr-BE\"},{\"@type\":\"Organization\",\"@id\":\"http:\/\/clarmony.com\/en\/#organization\",\"name\":\"Clarmony\",\"url\":\"http:\/\/clarmony.com\/en\/\",\"logo\":{\"@type\":\"ImageObject\",\"inLanguage\":\"fr-BE\",\"@id\":\"http:\/\/clarmony.com\/en\/#\/schema\/logo\/image\/\",\"url\":\"https:\/\/clarmony.24pm.agency\/wp-content\/uploads\/2023\/03\/logo.png\",\"contentUrl\":\"https:\/\/clarmony.24pm.agency\/wp-content\/uploads\/2023\/03\/logo.png\",\"width\":223,\"height\":131,\"caption\":\"Clarmony\"},\"image\":{\"@id\":\"http:\/\/clarmony.com\/en\/#\/schema\/logo\/image\/\"}}]}<\/script>\n<!-- \/ Yoast SEO plugin. -->","yoast_head_json":{"title":"Clarity session - Clarmony","robots":{"index":"index","follow":"follow","max-snippet":"max-snippet:-1","max-image-preview":"max-image-preview:large","max-video-preview":"max-video-preview:-1"},"canonical":"http:\/\/clarmony.com\/fr\/clarity-session\/","og_locale":"fr_FR","og_type":"article","og_title":"Clarity session - Clarmony","og_description":"Your FREE Strategic Clarity Session Choose Your Free Coaching Slot Here are the slots still available to take advantage of your Personalized Coaching Session and build the foundations of your New Online Start. Beware, slots are going fast! The appointment is 100% free and will take place in video with Zoom software (free installation on [&hellip;]","og_url":"http:\/\/clarmony.com\/fr\/clarity-session\/","og_site_name":"Clarmony","article_modified_time":"2023-09-03T21:58:02+00:00","twitter_card":"summary_large_image","twitter_misc":{"Dur\u00e9e de lecture est.":"1 minute"},"schema":{"@context":"https:\/\/schema.org","@graph":[{"@type":"WebPage","@id":"http:\/\/clarmony.com\/en\/clarity-session\/","url":"http:\/\/clarmony.com\/en\/clarity-session\/","name":"Clarity session - Clarmony","isPartOf":{"@id":"http:\/\/clarmony.com\/en\/#website"},"datePublished":"2023-05-30T13:19:07+00:00","dateModified":"2023-09-03T21:58:02+00:00","breadcrumb":{"@id":"http:\/\/clarmony.com\/en\/clarity-session\/#breadcrumb"},"inLanguage":"fr-BE","potentialAction":[{"@type":"ReadAction","target":["http:\/\/clarmony.com\/en\/clarity-session\/"]}]},{"@type":"BreadcrumbList","@id":"http:\/\/clarmony.com\/en\/clarity-session\/#breadcrumb","itemListElement":[{"@type":"ListItem","position":1,"name":"Accueil","item":"https:\/\/clarmony.com\/en\/"},{"@type":"ListItem","position":2,"name":"Clarity session"}]},{"@type":"WebSite","@id":"http:\/\/clarmony.com\/en\/#website","url":"http:\/\/clarmony.com\/en\/","name":"Clarmonie","description":"Clart\u00e9 et harmonie","publisher":{"@id":"http:\/\/clarmony.com\/en\/#organization"},"potentialAction":[{"@type":"SearchAction","target":{"@type":"EntryPoint","urlTemplate":"http:\/\/clarmony.com\/en\/?s={search_term_string}"},"query-input":{"@type":"PropertyValueSpecification","valueRequired":true,"valueName":"search_term_string"}}],"inLanguage":"fr-BE"},{"@type":"Organization","@id":"http:\/\/clarmony.com\/en\/#organization","name":"Clarmonie","url":"http:\/\/clarmony.com\/en\/","logo":{"@type":"ImageObject","inLanguage":"fr-BE","@id":"http:\/\/clarmony.com\/en\/#\/schema\/logo\/image\/","url":"https:\/\/clarmony.24pm.agency\/wp-content\/uploads\/2023\/03\/logo.png","contentUrl":"https:\/\/clarmony.24pm.agency\/wp-content\/uploads\/2023\/03\/logo.png","width":223,"height":131,"caption":"Clarmony"},"image":{"@id":"http:\/\/clarmony.com\/en\/#\/schema\/logo\/image\/"}}]}},"_links":{"self":[{"href":"https:\/\/clarmony.com\/fr\/wp-json\/wp\/v2\/pages\/650","targetHints":{"allow":["GET"]}}],"collection":[{"href":"https:\/\/clarmony.com\/fr\/wp-json\/wp\/v2\/pages"}],"about":[{"href":"https:\/\/clarmony.com\/fr\/wp-json\/wp\/v2\/types\/page"}],"author":[{"embeddable":true,"href":"https:\/\/clarmony.com\/fr\/wp-json\/wp\/v2\/users\/2"}],"replies":[{"embeddable":true,"href":"https:\/\/clarmony.com\/fr\/wp-json\/wp\/v2\/comments?post=650"}],"version-history":[{"count":9,"href":"https:\/\/clarmony.com\/fr\/wp-json\/wp\/v2\/pages\/650\/revisions"}],"predecessor-version":[{"id":799,"href":"https:\/\/clarmony.com\/fr\/wp-json\/wp\/v2\/pages\/650\/revisions\/799"}],"wp:attachment":[{"href":"https:\/\/clarmony.com\/fr\/wp-json\/wp\/v2\/media?parent=650"}],"wp:term":[{"taxonomy":"folder","embeddable":true,"href":"https:\/\/clarmony.com\/fr\/wp-json\/wp\/v2\/folder?post=650"}],"curies":[{"name":"wp","href":"https:\/\/api.w.org\/{rel}","templated":true}]}}